{"id":2803,"date":"2018-03-06T08:05:20","date_gmt":"2018-03-06T08:05:20","guid":{"rendered":"http:\/\/www.anadoluilaclama.com.tr\/?page_id=2803"},"modified":"2026-03-12T14:11:44","modified_gmt":"2026-03-12T11:11:44","slug":"hizmet-yerlerimiz","status":"publish","type":"page","link":"https:\/\/www.anadoluilaclama.com.tr\/index.php\/hizmet-yerlerimiz\/","title":{"rendered":"Hizmet Yerlerimiz"},"content":{"rendered":"<div id=\"pl-2803\"  class=\"panel-layout\" ><div id=\"pg-2803-0\"  class=\"panel-grid panel-no-style\" ><div id=\"pgc-2803-0-0\"  class=\"panel-grid-cell\" ><div id=\"panel-2803-0-0-0\" class=\"so-panel widget widget_sow-editor panel-first-child panel-last-child\" data-index=\"0\" ><div\n\t\t\t\n\t\t\tclass=\"so-widget-sow-editor so-widget-sow-editor-base\"\n\t\t\t\n\t\t>\n<div class=\"siteorigin-widget-tinymce textwidget\">\n\t<h2 style=\"text-align: center;\"><strong>\u0130zmir Merkez \u0130l\u00e7eler<\/strong><\/h2>\n<p style=\"text-align: left;\"><a href=\"http:\/\/www.anadoluilaclama.com.tr\/index.php\/buca-hasere-ve-bocek-ilaclama\/\">Buca Ha\u015fere ve B\u00f6cek \u0130la\u00e7lama<\/a><br \/>\n<a href=\"http:\/\/www.anadoluilaclama.com.tr\/index.php\/bornova-hasere-ve-bocek-ilaclama\/\">Bornova Ha\u015fere ve B\u00f6cek \u0130la\u00e7lama<\/a><br \/>\n<a href=\"http:\/\/www.anadoluilaclama.com.tr\/index.php\/gaziemir-hasere-ve-bocek-ilaclama\/\">Gaziemir Ha\u015fere ve B\u00f6cek \u0130la\u00e7lama<\/a><br \/>\n<a href=\"http:\/\/www.anadoluilaclama.com.tr\/index.php\/konak-hasere-ve-bocek-ilaclama\/\">Konak Ha\u015fere ve B\u00f6cek \u0130la\u00e7lama<\/a><br \/>\n<a href=\"http:\/\/www.anadoluilaclama.com.tr\/index.php\/balcova-hasere-ve-bocek-ilaclama\/\">Bal\u00e7ova Ha\u015fere ve B\u00f6cek \u0130la\u00e7lama<\/a><br \/>\n<a href=\"http:\/\/www.anadoluilaclama.com.tr\/index.php\/bayrakli-hasere-ve-bocek-ilaclama\/\">Bayrakl\u0131 Ha\u015fere ve B\u00f6cek \u0130la\u00e7lama<\/a><br \/>\n<a href=\"http:\/\/www.anadoluilaclama.com.tr\/index.php\/guzelbahce-hasere-ve-bocek-ilaclama\/\">G\u00fczelbah\u00e7e Ha\u015fere ve B\u00f6cek \u0130la\u00e7lama<\/a><br \/>\n<a href=\"http:\/\/www.anadoluilaclama.com.tr\/index.php\/karabaglar-hasere-ve-bocek-ilaclama\/\">Karaba\u011flar Ha\u015fere ve B\u00f6cek \u0130la\u00e7lama<\/a><br \/>\n<a href=\"http:\/\/www.anadoluilaclama.com.tr\/index.php\/cigli-hasere-ve-bocek-ilaclama\/\">\u00c7i\u011fli Ha\u015fere ve B\u00f6cek \u0130la\u00e7lama<\/a><br \/>\n<a href=\"http:\/\/www.anadoluilaclama.com.tr\/index.php\/karsiyaka-hasere-ve-bocek-ilaclama\/\">Kar\u015f\u0131yaka Ha\u015fere ve B\u00f6cek \u0130la\u00e7lama<\/a><br \/>\n<a href=\"http:\/\/www.anadoluilaclama.com.tr\/index.php\/narlidere-hasere-ve-bocek-ilaclama\/\">Narl\u0131dere Ha\u015fere ve B\u00f6cek \u0130la\u00e7lama<\/a><\/p>\n<p><a href=\"https:\/\/www.anadoluilaclama.com.tr\/index.php\/alsancak-hasere-ve-bocek-ilaclama\/\">Alsancak Ha\u015fere ve B\u00f6cek \u0130la\u00e7lama<\/a><\/p>\n<p><a href=\"https:\/\/www.anadoluilaclama.com.tr\/index.php\/sirinyer-hasere-ve-bocek-ilaclama\/\">\u015eirinyer Ha\u015fere ve B\u00f6cek \u0130la\u00e7lama<\/a><\/p>\n<p><a href=\"https:\/\/www.anadoluilaclama.com.tr\/index.php\/buyuk-cigli-hasere-ve-bocek-ilaclama\/\">B\u00fcy\u00fck \u00c7i\u011fli Ha\u015fere ve B\u00f6cek \u0130la\u00e7lama<\/a><\/p>\n<p><a href=\"https:\/\/www.anadoluilaclama.com.tr\/index.php\/cankaya-hasere-ve-bocek-ilaclama\/\">\u00c7ankaya Ha\u015fere ve B\u00f6cek \u0130la\u00e7lama<\/a><\/p>\n<p><a href=\"https:\/\/www.anadoluilaclama.com.tr\/index.php\/uckuyular-hasere-ve-bocek-ilaclama\/\">\u00dc\u00e7kuyular Ha\u015fere ve B\u00f6cek \u0130la\u00e7lama<\/a><\/p>\n<p><a href=\"https:\/\/www.anadoluilaclama.com.tr\/index.php\/yesilyurt-hasere-ve-bocek-ilaclama\/\">Ye\u015filyurt Ha\u015fere ve B\u00f6cek \u0130la\u00e7lama<\/a><\/p>\n<p><a href=\"https:\/\/www.anadoluilaclama.com.tr\/index.php\/kahramanlar-hasere-ve-bocek-ilaclama\/\">Kahramanlar Ha\u015fere ve B\u00f6cek \u0130la\u00e7lama<\/a><\/p>\n<p><a href=\"https:\/\/www.anadoluilaclama.com.tr\/index.php\/kemeralti-hasere-ve-bocek-ilaclama\/\">Kemeralt\u0131 Ha\u015fere ve B\u00f6cek \u0130la\u00e7lama<\/a><\/p>\n<p><a href=\"https:\/\/www.anadoluilaclama.com.tr\/index.php\/erzene-hasere-ve-bocek-ilaclama\/\">Erzene Ha\u015fere ve B\u00f6cek \u0130la\u00e7lama<\/a><\/p>\n<p><a href=\"https:\/\/www.anadoluilaclama.com.tr\/index.php\/mavisehir-hasere-ve-bocek-ilaclama\/\">Mavi\u015fehir Ha\u015fere ve B\u00f6cek \u0130la\u00e7lama<\/a><\/p>\n<p><a href=\"https:\/\/www.anadoluilaclama.com.tr\/index.php\/esrefpasa-hasere-ve-bocek-ilaclama\/\">E\u015frefpa\u015fa Ha\u015fere ve B\u00f6cek \u0130la\u00e7lama<\/a><\/p>\n<p><a href=\"https:\/\/www.anadoluilaclama.com.tr\/index.php\/izmir-hatay-hasere-ve-bocek-ilaclama\/\">\u0130zmir Hatay Ha\u015fere ve B\u00f6cek \u0130la\u00e7lama<\/a><\/p>\n<p><a href=\"https:\/\/www.anadoluilaclama.com.tr\/index.php\/izmir-hasere-ve-bocek-ilaclama\/\">\u0130zmir Ha\u015fere ve B\u00f6cek \u0130la\u00e7lama<\/a><\/p>\n<p><a href=\"https:\/\/www.anadoluilaclama.com.tr\/index.php\/manavkuyu-hasere-ve-bocek-ilaclama\/\">Manavkuyu Ha\u015fere ve B\u00f6cek \u0130la\u00e7lama<\/a><\/p>\n<p><a href=\"https:\/\/www.anadoluilaclama.com.tr\/index.php\/gediz-hasere-ve-bocek-ilaclama\/\">Gediz Ha\u015fere ve B\u00f6cek \u0130la\u00e7lama<\/a><\/p>\n<p><a href=\"https:\/\/www.anadoluilaclama.com.tr\/index.php\/bostanli-hasere-ve-bocek-ilaclama\/\">Bostanl\u0131 Ha\u015fere ve B\u00f6cek \u0130la\u00e7lama<\/a><\/p>\n<\/div>\n<\/div><\/div><\/div><div id=\"pgc-2803-0-1\"  class=\"panel-grid-cell\" ><div id=\"panel-2803-0-1-0\" class=\"so-panel widget widget_sow-editor panel-first-child panel-last-child\" data-index=\"1\" ><div\n\t\t\t\n\t\t\tclass=\"so-widget-sow-editor so-widget-sow-editor-base\"\n\t\t\t\n\t\t>\n<div class=\"siteorigin-widget-tinymce textwidget\">\n\t<h2 style=\"text-align: center;\">\u0130zmir \u00c7evre \u0130l\u00e7eler<\/h2>\n<p><a href=\"\/index.php\/aliaga-bocek-ve-hasere-ilaclama\/\">Alia\u011fa Ha\u015fere ve B\u00f6cek \u0130la\u00e7lama<\/a><br \/>\n<a href=\"\/index.php\/bayindir-hasere-bocek-ilaclama\/\">Bay\u0131nd\u0131r Ha\u015fere ve B\u00f6cek \u0130la\u00e7lama<\/a><br \/>\n<a href=\"http:\/\/www.anadoluilaclama.com.tr\/index.php\/bergama-hasere-ve-bocek-ilaclama\/\">Bergama Ha\u015fere ve B\u00f6cek \u0130la\u00e7lama<\/a><\/p>\n<p><a href=\"http:\/\/www.anadoluilaclama.com.tr\/index.php\/cesme-hasere-ve-bocek-ilaclama\/\">\u00c7e\u015fme Ha\u015fere ve B\u00f6cek \u0130la\u00e7lama<\/a><br \/>\n<a href=\"http:\/\/www.anadoluilaclama.com.tr\/index.php\/dikili-hasere-ve-bocek-ilaclama\/\">Dikili Ha\u015fere ve B\u00f6cek \u0130la\u00e7lama<\/a><br \/>\n<a href=\"http:\/\/www.anadoluilaclama.com.tr\/index.php\/foca-hasere-ve-bocek-ilaclama\/\">Foca Ha\u015fere ve B\u00f6cek \u0130la\u00e7lama<\/a><br \/>\n<a href=\"http:\/\/www.anadoluilaclama.com.tr\/index.php\/karaburun-hasere-ve-bocek-ilaclama\/\">Karaburun Ha\u015fere ve B\u00f6cek \u0130la\u00e7lama<\/a><br \/>\n<a href=\"http:\/\/www.anadoluilaclama.com.tr\/index.php\/kemalpasa-hasere-ve-bocek-ilaclama\/\">Kemalpa\u015fa Ha\u015fere ve B\u00f6cek \u0130la\u00e7lama<\/a><br \/>\n<a href=\"http:\/\/www.anadoluilaclama.com.tr\/index.php\/kiraz-hasere-ve-bocek-ilaclama\/\">Kiraz Ha\u015fere ve B\u00f6cek \u0130la\u00e7lama<\/a><br \/>\n<a href=\"http:\/\/www.anadoluilaclama.com.tr\/index.php\/menderes-hasere-ve-bocek-ilaclama\/\">Menderes Ha\u015fere ve B\u00f6cek \u0130la\u00e7lama<\/a><br \/>\n<a href=\"http:\/\/www.anadoluilaclama.com.tr\/index.php\/menemen-hasere-ve-bocek-ilaclama\/\">Menemen Ha\u015fere ve B\u00f6cek \u0130la\u00e7lama<\/a><br \/>\n<a href=\"http:\/\/www.anadoluilaclama.com.tr\/index.php\/odemis-hasere-ve-bocek-ilaclama\/\">\u00d6demi\u015f Ha\u015fere ve B\u00f6cek \u0130la\u00e7lama<\/a><br \/>\n<a href=\"http:\/\/www.anadoluilaclama.com.tr\/index.php\/seferihisar-hasere-ve-bocek-ilaclama\/\">Seferihisar Ha\u015fere ve B\u00f6cek \u0130la\u00e7lama<\/a><br \/>\n<a href=\"http:\/\/www.anadoluilaclama.com.tr\/index.php\/selcuk-hasere-ve-bocek-ilaclama\/\">Sel\u00e7uk Ha\u015fere ve B\u00f6cek \u0130la\u00e7lama<\/a><br \/>\n<a href=\"http:\/\/www.anadoluilaclama.com.tr\/index.php\/tire-hasere-ve-bocek-ilaclama\/\">Tire Ha\u015fere ve B\u00f6cek \u0130la\u00e7lama<\/a><br \/>\n<a href=\"http:\/\/www.anadoluilaclama.com.tr\/index.php\/torbali-hasere-ve-bocek-ilaclama\/\">Torbal\u0131 Ha\u015fere ve B\u00f6cek \u0130la\u00e7lama<\/a><br \/>\n<a href=\"http:\/\/www.anadoluilaclama.com.tr\/index.php\/urla-hasere-ve-bocek-ilaclama\/\">Urla Ha\u015fere ve B\u00f6cek \u0130la\u00e7lama<\/a><br \/>\n<a href=\"http:\/\/www.anadoluilaclama.com.tr\/index.php\/camdibi-hasere-ve-bocek-ilaclama\/\">Camdibi Ha\u015fere ve B\u00f6cek \u0130la\u00e7lama<\/a><br \/>\n<a href=\"http:\/\/www.anadoluilaclama.com.tr\/index.php\/camlik-hasere-ve-bocek-ilaclama\/\">Caml\u0131k Ha\u015fere ve B\u00f6cek \u0130la\u00e7lama<\/a><br \/>\n<a href=\"http:\/\/www.anadoluilaclama.com.tr\/index.php\/eskiizmir-hasere-ve-bocek-ilaclama\/\">Eski izmir Ha\u015fere ve B\u00f6cek \u0130la\u00e7lama<\/a><br \/>\n<a href=\"http:\/\/www.anadoluilaclama.com.tr\/index.php\/guzelbahce-hasere-ve-bocek-ilaclama\/\">G\u00fczelbah\u00e7e Ha\u015fere ve B\u00f6cek \u0130la\u00e7lama<\/a><br \/>\n<a href=\"http:\/\/www.anadoluilaclama.com.tr\/index.php\/smyrna-hasere-ve-bocek-ilaclama\/\">Smyrna Ha\u015fere ve B\u00f6cek \u0130la\u00e7lama<\/a><\/p>\n<p><a href=\"https:\/\/www.anadoluilaclama.com.tr\/index.php\/candarli-hasere-ve-bocek-ilaclama\/\">\u00c7andarl\u0131 Ha\u015fere ve B\u00f6cek \u0130la\u00e7lama<\/a><\/p>\n<p><a href=\"https:\/\/www.anadoluilaclama.com.tr\/index.php\/yeni-foca-hasere-ve-bocek-ilaclama\/\">Yeni Fo\u00e7a Ha\u015fere ve B\u00f6cek \u0130la\u00e7lama<\/a><\/p>\n<\/div>\n<\/div><\/div><\/div><div id=\"pgc-2803-0-2\"  class=\"panel-grid-cell\" ><div id=\"panel-2803-0-2-0\" class=\"so-panel widget widget_sow-editor panel-first-child panel-last-child\" data-index=\"2\" ><div\n\t\t\t\n\t\t\tclass=\"so-widget-sow-editor so-widget-sow-editor-base\"\n\t\t\t\n\t\t>\n<div class=\"siteorigin-widget-tinymce textwidget\">\n\t<h2 style=\"text-align: center;\">Manisa Merkez \u0130l\u00e7eler<\/h2>\n<p><a href=\"http:\/\/www.anadoluilaclama.com.tr\/index.php\/manisa-hasere-ve-bocek-ilaclama\/\">Manisa Ha\u015fere ve B\u00f6cek \u0130la\u00e7lama<\/a><br \/>\n<a href=\"http:\/\/www.anadoluilaclama.com.tr\/index.php\/akhisar-hasere-ve-bocek-ilaclama\/\">Akhisar Ha\u015fere ve B\u00f6cek \u0130la\u00e7lama<\/a><br \/>\n<a href=\"http:\/\/www.anadoluilaclama.com.tr\/index.php\/salihli-hasere-ve-bocek-ilaclama\/\">Salihli Ha\u015fere ve B\u00f6cek \u0130la\u00e7lama<\/a><br \/>\n<a href=\"http:\/\/www.anadoluilaclama.com.tr\/index.php\/turgutlu-hasere-ve-bocek-ilaclama\/\">Turgutlu Ha\u015fere ve B\u00f6cek \u0130la\u00e7lama<\/a><br \/>\n<a href=\"http:\/\/www.anadoluilaclama.com.tr\/index.php\/soma-hasere-ve-bocek-ilaclama\/\">Soma Ha\u015fere ve B\u00f6cek \u0130la\u00e7lama<\/a><br \/>\n<a href=\"http:\/\/www.anadoluilaclama.com.tr\/index.php\/alasehir-hasere-ve-bocek-ilaclama\/\">Ala\u015fehir Ha\u015fere ve B\u00f6cek \u0130la\u00e7lama<\/a><br \/>\n<a href=\"http:\/\/www.anadoluilaclama.com.tr\/index.php\/saruhanli-hasere-ve-bocek-ilaclama\/\">Saruhanl\u0131 Ha\u015fere ve B\u00f6cek \u0130la\u00e7lama<\/a><br \/>\n<a href=\"http:\/\/www.anadoluilaclama.com.tr\/index.php\/kula-hasere-ve-bocek-ilaclama\/\">Kula Ha\u015fere ve B\u00f6cek \u0130la\u00e7lama<\/a><br \/>\n<a href=\"http:\/\/www.anadoluilaclama.com.tr\/index.php\/kirkagac-hasere-ve-bocek-ilaclama\/\">K\u0131rka\u011fa\u00e7 Ha\u015fere ve B\u00f6cek \u0130la\u00e7lama<\/a><br \/>\n<a href=\"http:\/\/www.anadoluilaclama.com.tr\/index.php\/demirci-hasere-ve-bocek-ilaclama\/\">Demirci Ha\u015fere ve B\u00f6cek \u0130la\u00e7lama<\/a><br \/>\n<a href=\"http:\/\/www.anadoluilaclama.com.tr\/index.php\/sarigol-hasere-ve-bocek-ilaclama\/\">Sar\u0131g\u00f6l Ha\u015fere ve B\u00f6cek \u0130la\u00e7lama<\/a><br \/>\n<a href=\"http:\/\/www.anadoluilaclama.com.tr\/index.php\/gordes-hasere-ve-bocek-ilaclama\/\">G\u00f6rdes Ha\u015fere ve B\u00f6cek \u0130la\u00e7lama<\/a><br \/>\n<a href=\"http:\/\/www.anadoluilaclama.com.tr\/index.php\/selendi-hasere-ve-bocek-ilaclama\/\">Selendi Ha\u015fere ve B\u00f6cek \u0130la\u00e7lama<\/a><br \/>\n<a href=\"http:\/\/www.anadoluilaclama.com.tr\/index.php\/ahmetli-hasere-ve-bocek-ilaclama\/\">Ahmetli Ha\u015fere ve B\u00f6cek \u0130la\u00e7lama<\/a><br \/>\n<a href=\"\/index.php\/golmarmara-hasere-ve-bocek-ilaclama\/\">G\u00f6lmarmara Ha\u015fere ve B\u00f6cek \u0130la\u00e7lama<\/a><br \/>\n<a href=\"http:\/\/www.anadoluilaclama.com.tr\/index.php\/muradiye-hasere-ve-bocek-ilaclama\/\">Muradiye Ha\u015fere ve B\u00f6cek \u0130la\u00e7lama<\/a><\/p>\n<\/div>\n<\/div><\/div><\/div><div id=\"pgc-2803-0-3\"  class=\"panel-grid-cell\" ><div id=\"panel-2803-0-3-0\" class=\"so-panel widget widget_sow-editor panel-first-child panel-last-child\" data-index=\"3\" ><div\n\t\t\t\n\t\t\tclass=\"so-widget-sow-editor so-widget-sow-editor-base\"\n\t\t\t\n\t\t>\n<div class=\"siteorigin-widget-tinymce textwidget\">\n\t<h2 style=\"text-align: center;\">Edremit Merkez \u0130l\u00e7eler<\/h2>\n<p><a href=\"https:\/\/www.anadoluilaclama.com.tr\/index.php\/edremit-hasere-ve-bocek-ilaclama\/\">Edremit Ha\u015fere ve B\u00f6cek \u0130la\u00e7lama<\/a><br \/>\n<a href=\"https:\/\/www.anadoluilaclama.com.tr\/index.php\/burhaniye-hasere-ve-bocek-ilaclama\/\">Burhaniye Ha\u015fere ve B\u00f6cek \u0130la\u00e7lama<\/a><br \/>\n<a href=\"https:\/\/www.anadoluilaclama.com.tr\/index.php\/akcay-hasere-ve-bocek-ilaclama\/\">Akcay Ha\u015fere ve B\u00f6cek \u0130la\u00e7lama<\/a><br \/>\n<a href=\"https:\/\/www.anadoluilaclama.com.tr\/index.php\/gure-hasere-ve-bocek-ilaclama\/\">G\u00fcre Ha\u015fere ve B\u00f6cek \u0130la\u00e7lama<\/a><br \/>\n<a href=\"https:\/\/www.anadoluilaclama.com.tr\/index.php\/havran-hasere-ve-bocek-ilaclama\/\">Havran Ha\u015fere ve B\u00f6cek \u0130la\u00e7lama<\/a><br \/>\n<a href=\"https:\/\/www.anadoluilaclama.com.tr\/index.php\/altinoluk-hasere-ve-bocek-ilaclama\/\">Alt\u0131noluk Ha\u015fere ve B\u00f6cek \u0130la\u00e7lama<\/a><br \/>\n<a href=\"https:\/\/www.anadoluilaclama.com.tr\/index.php\/kucukkuyu-hasere-ve-bocek-ilaclama\/\">K\u00fc\u00e7\u00fckkuyu Ha\u015fere ve B\u00f6cek \u0130la\u00e7lama<\/a><br \/>\n<a href=\"https:\/\/www.anadoluilaclama.com.tr\/index.php\/gomec-hasere-ve-bocek-ilaclama\/\">G\u00f6me\u00e7 Ha\u015fere ve B\u00f6cek \u0130la\u00e7lama<\/a><br \/>\n<a href=\"https:\/\/www.anadoluilaclama.com.tr\/index.php\/ayvalik-hasere-ve-bocek-ilaclama\/\">Ayval\u0131k Ha\u015fere ve B\u00f6cek \u0130la\u00e7lama<\/a><br \/>\n<a href=\"https:\/\/www.anadoluilaclama.com.tr\/index.php\/altinova-hasere-ve-bocek-ilaclama\/\">Alt\u0131nova Ha\u015fere ve B\u00f6cek \u0130la\u00e7lama<\/a><\/p>\n<p><a href=\"https:\/\/www.anadoluilaclama.com.tr\/index.php\/balikesir-edremit-korfez-hasere-ve-bocek-ilaclama\/\">Bal\u0131kesir K\u00f6rfez Ha\u015fere ve B\u00f6cek \u0130la\u00e7lama<\/a><\/p>\n<p>&nbsp;<\/p>\n<\/div>\n<\/div><\/div><\/div><\/div><\/div>","protected":false},"excerpt":{"rendered":"<p>\u0130zmir Merkez \u0130l\u00e7eler Buca Ha\u015fere ve B\u00f6cek \u0130la\u00e7lama Bornova Ha\u015fere ve B\u00f6cek \u0130la\u00e7lama Gaziemir Ha\u015fere ve B\u00f6cek \u0130la\u00e7lama Konak Ha\u015fere ve B\u00f6cek \u0130la\u00e7lama Bal\u00e7ova Ha\u015fere ve B\u00f6cek \u0130la\u00e7lama Bayrakl\u0131 Ha\u015fere ve B\u00f6cek \u0130la\u00e7lama G\u00fczelbah\u00e7e Ha\u015fere ve B\u00f6cek \u0130la\u00e7lama Karaba\u011flar Ha\u015fere ve B\u00f6cek \u0130la\u00e7lama \u00c7i\u011fli Ha\u015fere ve B\u00f6cek \u0130la\u00e7lama Kar\u015f\u0131yaka Ha\u015fere ve B\u00f6cek \u0130la\u00e7lama Narl\u0131dere Ha\u015fere &hellip;<\/p>\n","protected":false},"author":3,"featured_media":0,"parent":0,"menu_order":0,"comment_status":"closed","ping_status":"closed","template":"","meta":{"footnotes":""},"class_list":["post-2803","page","type-page","status-publish","hentry"],"yoast_head":"<!-- This site is optimized with the Yoast SEO plugin v27.0 - https:\/\/yoast.com\/product\/yoast-seo-wordpress\/ -->\n<title>Hizmet Yerlerimiz |7\/24 \u0130leti\u015fim:0 535 5997084|<\/title>\n<meta name=\"robots\" content=\"index, follow, max-snippet:-1, max-image-preview:large, max-video-preview:-1\" \/>\n<link rel=\"canonical\" href=\"https:\/\/www.anadoluilaclama.com.tr\/index.php\/hizmet-yerlerimiz\/\" \/>\n<meta property=\"og:locale\" content=\"tr_TR\" \/>\n<meta property=\"og:type\" content=\"article\" \/>\n<meta property=\"og:title\" content=\"Hizmet Yerlerimiz |7\/24 \u0130leti\u015fim:0 535 5997084|\" \/>\n<meta property=\"og:description\" content=\"\u0130zmir Merkez \u0130l\u00e7eler Buca Ha\u015fere ve B\u00f6cek \u0130la\u00e7lama Bornova Ha\u015fere ve B\u00f6cek \u0130la\u00e7lama Gaziemir Ha\u015fere ve B\u00f6cek \u0130la\u00e7lama Konak Ha\u015fere ve B\u00f6cek \u0130la\u00e7lama Bal\u00e7ova Ha\u015fere ve B\u00f6cek \u0130la\u00e7lama Bayrakl\u0131 Ha\u015fere ve B\u00f6cek \u0130la\u00e7lama G\u00fczelbah\u00e7e Ha\u015fere ve B\u00f6cek \u0130la\u00e7lama Karaba\u011flar Ha\u015fere ve B\u00f6cek \u0130la\u00e7lama \u00c7i\u011fli Ha\u015fere ve B\u00f6cek \u0130la\u00e7lama Kar\u015f\u0131yaka Ha\u015fere ve B\u00f6cek \u0130la\u00e7lama Narl\u0131dere Ha\u015fere &hellip;\" \/>\n<meta property=\"og:url\" content=\"https:\/\/www.anadoluilaclama.com.tr\/index.php\/hizmet-yerlerimiz\/\" \/>\n<meta property=\"og:site_name\" content=\"|7\/24 \u0130leti\u015fim:0 535 5997084|\" \/>\n<meta property=\"article:publisher\" content=\"https:\/\/www.facebook.com\/Anadolu-Hasere-ve-Fare-ilaclama-1277920352342921\/?modal=admin_todo_tour\" \/>\n<meta property=\"article:modified_time\" content=\"2026-03-12T11:11:44+00:00\" \/>\n<meta name=\"twitter:card\" content=\"summary_large_image\" \/>\n<meta name=\"twitter:label1\" content=\"Tahmini okuma s\u00fcresi\" \/>\n\t<meta name=\"twitter:data1\" content=\"3 dakika\" \/>\n<script type=\"application\/ld+json\" class=\"yoast-schema-graph\">{\"@context\":\"https:\/\/schema.org\",\"@graph\":[{\"@type\":\"WebPage\",\"@id\":\"https:\/\/www.anadoluilaclama.com.tr\/index.php\/hizmet-yerlerimiz\/\",\"url\":\"https:\/\/www.anadoluilaclama.com.tr\/index.php\/hizmet-yerlerimiz\/\",\"name\":\"Hizmet Yerlerimiz |7\/24 \u0130leti\u015fim:0 535 5997084|\",\"isPartOf\":{\"@id\":\"https:\/\/www.anadoluilaclama.com.tr\/#website\"},\"datePublished\":\"2018-03-06T08:05:20+00:00\",\"dateModified\":\"2026-03-12T11:11:44+00:00\",\"breadcrumb\":{\"@id\":\"https:\/\/www.anadoluilaclama.com.tr\/index.php\/hizmet-yerlerimiz\/#breadcrumb\"},\"inLanguage\":\"tr\",\"potentialAction\":[{\"@type\":\"ReadAction\",\"target\":[\"https:\/\/www.anadoluilaclama.com.tr\/index.php\/hizmet-yerlerimiz\/\"]}]},{\"@type\":\"BreadcrumbList\",\"@id\":\"https:\/\/www.anadoluilaclama.com.tr\/index.php\/hizmet-yerlerimiz\/#breadcrumb\",\"itemListElement\":[{\"@type\":\"ListItem\",\"position\":1,\"name\":\"Ana sayfa\",\"item\":\"https:\/\/www.anadoluilaclama.com.tr\/\"},{\"@type\":\"ListItem\",\"position\":2,\"name\":\"Hizmet Yerlerimiz\"}]},{\"@type\":\"WebSite\",\"@id\":\"https:\/\/www.anadoluilaclama.com.tr\/#website\",\"url\":\"https:\/\/www.anadoluilaclama.com.tr\/\",\"name\":\"|7\/24 \u0130leti\u015fim:0 535 5997084|\",\"description\":\"B&Ouml;CEK HA\u015eERE FARE \u0130LA&Ccedil;LAMA \u015e\u0130RKET\u0130\",\"potentialAction\":[{\"@type\":\"SearchAction\",\"target\":{\"@type\":\"EntryPoint\",\"urlTemplate\":\"https:\/\/www.anadoluilaclama.com.tr\/?s={search_term_string}\"},\"query-input\":{\"@type\":\"PropertyValueSpecification\",\"valueRequired\":true,\"valueName\":\"search_term_string\"}}],\"inLanguage\":\"tr\"}]}<\/script>\n<!-- \/ Yoast SEO plugin. -->","yoast_head_json":{"title":"Hizmet Yerlerimiz |7\/24 \u0130leti\u015fim:0 535 5997084|","robots":{"index":"index","follow":"follow","max-snippet":"max-snippet:-1","max-image-preview":"max-image-preview:large","max-video-preview":"max-video-preview:-1"},"canonical":"https:\/\/www.anadoluilaclama.com.tr\/index.php\/hizmet-yerlerimiz\/","og_locale":"tr_TR","og_type":"article","og_title":"Hizmet Yerlerimiz |7\/24 \u0130leti\u015fim:0 535 5997084|","og_description":"\u0130zmir Merkez \u0130l\u00e7eler Buca Ha\u015fere ve B\u00f6cek \u0130la\u00e7lama Bornova Ha\u015fere ve B\u00f6cek \u0130la\u00e7lama Gaziemir Ha\u015fere ve B\u00f6cek \u0130la\u00e7lama Konak Ha\u015fere ve B\u00f6cek \u0130la\u00e7lama Bal\u00e7ova Ha\u015fere ve B\u00f6cek \u0130la\u00e7lama Bayrakl\u0131 Ha\u015fere ve B\u00f6cek \u0130la\u00e7lama G\u00fczelbah\u00e7e Ha\u015fere ve B\u00f6cek \u0130la\u00e7lama Karaba\u011flar Ha\u015fere ve B\u00f6cek \u0130la\u00e7lama \u00c7i\u011fli Ha\u015fere ve B\u00f6cek \u0130la\u00e7lama Kar\u015f\u0131yaka Ha\u015fere ve B\u00f6cek \u0130la\u00e7lama Narl\u0131dere Ha\u015fere &hellip;","og_url":"https:\/\/www.anadoluilaclama.com.tr\/index.php\/hizmet-yerlerimiz\/","og_site_name":"|7\/24 \u0130leti\u015fim:0 535 5997084|","article_publisher":"https:\/\/www.facebook.com\/Anadolu-Hasere-ve-Fare-ilaclama-1277920352342921\/?modal=admin_todo_tour","article_modified_time":"2026-03-12T11:11:44+00:00","twitter_card":"summary_large_image","twitter_misc":{"Tahmini okuma s\u00fcresi":"3 dakika"},"schema":{"@context":"https:\/\/schema.org","@graph":[{"@type":"WebPage","@id":"https:\/\/www.anadoluilaclama.com.tr\/index.php\/hizmet-yerlerimiz\/","url":"https:\/\/www.anadoluilaclama.com.tr\/index.php\/hizmet-yerlerimiz\/","name":"Hizmet Yerlerimiz |7\/24 \u0130leti\u015fim:0 535 5997084|","isPartOf":{"@id":"https:\/\/www.anadoluilaclama.com.tr\/#website"},"datePublished":"2018-03-06T08:05:20+00:00","dateModified":"2026-03-12T11:11:44+00:00","breadcrumb":{"@id":"https:\/\/www.anadoluilaclama.com.tr\/index.php\/hizmet-yerlerimiz\/#breadcrumb"},"inLanguage":"tr","potentialAction":[{"@type":"ReadAction","target":["https:\/\/www.anadoluilaclama.com.tr\/index.php\/hizmet-yerlerimiz\/"]}]},{"@type":"BreadcrumbList","@id":"https:\/\/www.anadoluilaclama.com.tr\/index.php\/hizmet-yerlerimiz\/#breadcrumb","itemListElement":[{"@type":"ListItem","position":1,"name":"Ana sayfa","item":"https:\/\/www.anadoluilaclama.com.tr\/"},{"@type":"ListItem","position":2,"name":"Hizmet Yerlerimiz"}]},{"@type":"WebSite","@id":"https:\/\/www.anadoluilaclama.com.tr\/#website","url":"https:\/\/www.anadoluilaclama.com.tr\/","name":"|7\/24 \u0130leti\u015fim:0 535 5997084|","description":"B&Ouml;CEK HA\u015eERE FARE \u0130LA&Ccedil;LAMA \u015e\u0130RKET\u0130","potentialAction":[{"@type":"SearchAction","target":{"@type":"EntryPoint","urlTemplate":"https:\/\/www.anadoluilaclama.com.tr\/?s={search_term_string}"},"query-input":{"@type":"PropertyValueSpecification","valueRequired":true,"valueName":"search_term_string"}}],"inLanguage":"tr"}]}},"_links":{"self":[{"href":"https:\/\/www.anadoluilaclama.com.tr\/index.php\/wp-json\/wp\/v2\/pages\/2803","targetHints":{"allow":["GET"]}}],"collection":[{"href":"https:\/\/www.anadoluilaclama.com.tr\/index.php\/wp-json\/wp\/v2\/pages"}],"about":[{"href":"https:\/\/www.anadoluilaclama.com.tr\/index.php\/wp-json\/wp\/v2\/types\/page"}],"author":[{"embeddable":true,"href":"https:\/\/www.anadoluilaclama.com.tr\/index.php\/wp-json\/wp\/v2\/users\/3"}],"replies":[{"embeddable":true,"href":"https:\/\/www.anadoluilaclama.com.tr\/index.php\/wp-json\/wp\/v2\/comments?post=2803"}],"version-history":[{"count":270,"href":"https:\/\/www.anadoluilaclama.com.tr\/index.php\/wp-json\/wp\/v2\/pages\/2803\/revisions"}],"predecessor-version":[{"id":33903,"href":"https:\/\/www.anadoluilaclama.com.tr\/index.php\/wp-json\/wp\/v2\/pages\/2803\/revisions\/33903"}],"wp:attachment":[{"href":"https:\/\/www.anadoluilaclama.com.tr\/index.php\/wp-json\/wp\/v2\/media?parent=2803"}],"curies":[{"name":"wp","href":"https:\/\/api.w.org\/{rel}","templated":true}]}}