{"id":2947,"date":"2018-03-06T09:50:40","date_gmt":"2018-03-06T09:50:40","guid":{"rendered":"http:\/\/www.anadoluilaclama.com.tr\/?page_id=2947"},"modified":"2022-06-15T15:25:45","modified_gmt":"2022-06-15T12:25:45","slug":"hasere-ansiklopedisi","status":"publish","type":"page","link":"https:\/\/www.anadoluilaclama.com.tr\/index.php\/hasere-ansiklopedisi\/","title":{"rendered":"Ha\u015fere Ansiklopedisi"},"content":{"rendered":"<div id=\"pl-2947\"  class=\"panel-layout\" ><div id=\"pg-2947-0\"  class=\"panel-grid panel-no-style\" ><div id=\"pgc-2947-0-0\"  class=\"panel-grid-cell\" ><div id=\"panel-2947-0-0-0\" class=\"so-panel widget widget_sow-image-grid panel-first-child panel-last-child\" data-index=\"0\" ><div\n\t\t\t\n\t\t\tclass=\"so-widget-sow-image-grid so-widget-sow-image-grid-default-3fbf13dff59f-2947\"\n\t\t\t\n\t\t>\t<div\n\t\tclass=\"sow-image-grid-wrapper\"\n\t\t\t\t\t>\n\t\t\t\t\t<div class=\"sow-image-grid-image\">\n\t\t\t\t\t\t\t\t\t\t\t\t\t<a href=\"\/hasereler-bocekler\/yuruyen-hasereler\/\"\n\t\t\t\t\t\t\t\t\t\t\t\t\t\t\t\t\t\ttarget=\"_blank\" \t\t\t\t\t\t\t\t\t\t\t\t\t\t\t\t\t\t\t\t\t\t\t\trel=\"noopener noreferrer\" \t\t\t\t\t\t\t\t\t\t\t>\n\t\t\t\t\t\t\t\t<img loading=\"lazy\" decoding=\"async\" width=\"219\" height=\"230\" src=\"https:\/\/www.anadoluilaclama.com.tr\/wp-content\/uploads\/2019\/02\/yuruyenhasereler.png\" class=\"sow-image-grid-image_html\" alt=\"\" title=\"Y\u00fcr\u00fcyen Ha\u015fereler\" \/>\t\t\t\t\t\t\t\t\t<\/a>\n\t\t\t\t\t\t\t\t\t\t\t<\/div>\n\t\t\t<\/div>\n<\/div><\/div><\/div><div id=\"pgc-2947-0-1\"  class=\"panel-grid-cell\" ><div id=\"panel-2947-0-1-0\" class=\"so-panel widget widget_sow-image-grid panel-first-child panel-last-child\" data-index=\"1\" ><div\n\t\t\t\n\t\t\tclass=\"so-widget-sow-image-grid so-widget-sow-image-grid-default-3fbf13dff59f-2947\"\n\t\t\t\n\t\t>\t<div\n\t\tclass=\"sow-image-grid-wrapper\"\n\t\t\t\t\t>\n\t\t\t\t\t<div class=\"sow-image-grid-image\">\n\t\t\t\t\t\t\t\t\t\t\t\t\t<a href=\"\/hasereler-bocekler\/ucan-hasereler\/\"\n\t\t\t\t\t\t\t\t\t\t\t\t\t\t\t\t\t\ttarget=\"_blank\" \t\t\t\t\t\t\t\t\t\t\t\t\t\t\t\t\t\t\t\t\t\t\t\trel=\"noopener noreferrer\" \t\t\t\t\t\t\t\t\t\t\t>\n\t\t\t\t\t\t\t\t<img loading=\"lazy\" decoding=\"async\" width=\"219\" height=\"230\" src=\"https:\/\/www.anadoluilaclama.com.tr\/wp-content\/uploads\/2019\/02\/ucanhasereler.png\" class=\"sow-image-grid-image_html\" alt=\"\" title=\"U\u00e7an Ha\u015fereler\" \/>\t\t\t\t\t\t\t\t\t<\/a>\n\t\t\t\t\t\t\t\t\t\t\t<\/div>\n\t\t\t<\/div>\n<\/div><\/div><\/div><div id=\"pgc-2947-0-2\"  class=\"panel-grid-cell\" ><div id=\"panel-2947-0-2-0\" class=\"so-panel widget widget_sow-image-grid panel-first-child panel-last-child\" data-index=\"2\" ><div\n\t\t\t\n\t\t\tclass=\"so-widget-sow-image-grid so-widget-sow-image-grid-default-3fbf13dff59f-2947\"\n\t\t\t\n\t\t>\t<div\n\t\tclass=\"sow-image-grid-wrapper\"\n\t\t\t\t\t>\n\t\t\t\t\t<div class=\"sow-image-grid-image\">\n\t\t\t\t\t\t\t\t\t\t\t\t\t<a href=\"\/hasereler-bocekler\/diger-hasereler\/\"\n\t\t\t\t\t\t\t\t\t\t\t\t\t\t\t\t\t\ttarget=\"_blank\" \t\t\t\t\t\t\t\t\t\t\t\t\t\t\t\t\t\t\t\t\t\t\t\trel=\"noopener noreferrer\" \t\t\t\t\t\t\t\t\t\t\t>\n\t\t\t\t\t\t\t\t<img loading=\"lazy\" decoding=\"async\" width=\"219\" height=\"230\" src=\"https:\/\/www.anadoluilaclama.com.tr\/wp-content\/uploads\/2019\/02\/digerhasereler-1.png\" class=\"sow-image-grid-image_html\" alt=\"\" title=\"Di\u011fer Ha\u015fereler\" \/>\t\t\t\t\t\t\t\t\t<\/a>\n\t\t\t\t\t\t\t\t\t\t\t<\/div>\n\t\t\t<\/div>\n<\/div><\/div><\/div><div id=\"pgc-2947-0-3\"  class=\"panel-grid-cell\" ><div id=\"panel-2947-0-3-0\" class=\"so-panel widget widget_sow-image-grid panel-first-child panel-last-child\" data-index=\"3\" ><div\n\t\t\t\n\t\t\tclass=\"so-widget-sow-image-grid so-widget-sow-image-grid-default-3fbf13dff59f-2947\"\n\t\t\t\n\t\t>\t<div\n\t\tclass=\"sow-image-grid-wrapper\"\n\t\t\t\t\t>\n\t\t\t\t\t<div class=\"sow-image-grid-image\">\n\t\t\t\t\t\t\t\t\t\t\t\t\t<a href=\"\/hasereler-bocekler\/kemirgenler\/\"\n\t\t\t\t\t\t\t\t\t\t\t\t\t\t\t\t\t\ttarget=\"_blank\" \t\t\t\t\t\t\t\t\t\t\t\t\t\t\t\t\t\t\t\t\t\t\t\trel=\"noopener noreferrer\" \t\t\t\t\t\t\t\t\t\t\t>\n\t\t\t\t\t\t\t\t<img loading=\"lazy\" decoding=\"async\" width=\"219\" height=\"230\" src=\"https:\/\/www.anadoluilaclama.com.tr\/wp-content\/uploads\/2019\/02\/kemirgenler.png\" class=\"sow-image-grid-image_html\" alt=\"\" title=\"Kemirgenler\" \/>\t\t\t\t\t\t\t\t\t<\/a>\n\t\t\t\t\t\t\t\t\t\t\t<\/div>\n\t\t\t<\/div>\n<\/div><\/div><\/div><\/div><div id=\"pg-2947-1\"  class=\"panel-grid panel-no-style\" ><div id=\"pgc-2947-1-0\"  class=\"panel-grid-cell\" ><div id=\"panel-2947-1-0-0\" class=\"so-panel widget widget_text panel-first-child panel-last-child\" data-index=\"4\" ><h3 class=\"widget-title\">\u00a0\u0130la\u00e7lama Talep Etmeden \u00d6nce<\/h3>\t\t\t<div class=\"textwidget\"><ul>\n<li>Hizmet alaca\u011f\u0131n\u0131z ila\u00e7lama firmas\u0131n\u0131 ara\u015ft\u0131r\u0131p ondan sonra ila\u00e7lama yapt\u0131r\u0131n\u0131z.Merdiven alt\u0131 ,ruhsats\u0131z \u00e7al\u0131\u015fan ila\u00e7lama servisi olmad\u0131\u011f\u0131n\u0131 teyit ediniz.<\/li>\n<li>\u0130la\u00e7lama servisini arayarak ila\u00e7lama y\u00f6ntemleri hakk\u0131nda bilgi al\u0131n\u0131z.Personelimizi g\u00fcn\u00fcn her saati arayabilirsiniz.<\/li>\n<li>\u0130la\u00e7lama firmas\u0131n\u0131n Sa\u011fl\u0131k Bakanl\u0131\u011f\u0131n\u0131n onaylad\u0131\u011f\u0131 ve ruhsat verdi\u011fi kimyasallar\u0131 kulland\u0131\u011f\u0131ndan emin olunuz.<\/li>\n<\/ul>\n<p>B\u00f6cek ,Ha\u015fere ve Fare \u0130la\u00e7lama \u015firketi olarak amac\u0131m\u0131z , bilindi\u011fi \u00fczere ya\u015fam yerlerimiz olan ev , i\u015f yeri , yazl\u0131k, apartman, ba\u011f , bah\u00e7e, bah\u00e7eli ev, villa, daire, fabrika, kahvehane , f\u0131r\u0131n, lokanta, hastane ,ma\u011faza, otel, dershane,piknik alan\u0131 gibi yerlerde ve ara\u00e7larda Ha\u015fere ve Kemirgen dedi\u011fimiz fare ve s\u0131\u00e7an gibi zararl\u0131 canl\u0131lar ile m\u00fccadele etmek.<\/p>\n<p>B\u00f6cek ve Kemirgen \u0130la\u00e7lama \u015eirketi olarak bizi tercih etmenizi isteriz.<\/p>\n<\/div>\n\t\t<\/div><\/div><div id=\"pgc-2947-1-1\"  class=\"panel-grid-cell\" ><div id=\"panel-2947-1-1-0\" class=\"so-panel widget widget_text panel-first-child panel-last-child\" data-index=\"5\" ><h3 class=\"widget-title\">Anadolu \u0130la\u00e7lama \u015eirketimiz<\/h3>\t\t\t<div class=\"textwidget\"><ul>\n<li>\u0130la\u00e7lama Hizmeti veren firmam\u0131z Sa\u011fl\u0131k Bakanl\u0131\u011f\u0131 taraf\u0131ndan onayl\u0131 d\u0131r.<\/li>\n<li>\u0130la\u00e7lama Hizmeti,\u0130la\u00e7lama \u00fczerine uzman,alan\u0131nda sertifika alm\u0131\u015f personelimiz taraf\u0131ndan yap\u0131lmaktad\u0131r. Biyosidal uygulay\u0131c\u0131 sertifikas\u0131 alm\u0131\u015f personel ila\u00e7lama uygulamas\u0131 yapar.<\/li>\n<li>\u0130la\u00e7lama Hizmeti sunan firmam\u0131z Sa\u011fl\u0131k Bakanl\u0131\u011f\u0131n\u0131n verdi\u011fi ila\u00e7lama ruhsat\u0131n\u0131n d\u0131\u015f\u0131nda Belediyeden de ruhsatl\u0131 d\u0131r.<\/li>\n<li>Ya\u015fam alanlar\u0131m\u0131zda bulunan bu ha\u015fere ve kemirgenler den en k\u0131sa s\u00fcrede kurtulman\u0131z i\u00e7in firmam\u0131z 7 g\u00fcn 24 saat hizmet vermekte .Resmi ve Dini bayramlarda hizmetimiz vard\u0131r.<\/li>\n<li>Uygulama alan\u0131nda yani sahada hizmet veren personelimiz bir merkezden y\u00f6nlendirildi\u011fi i\u00e7in h\u0131zl\u0131 \u00e7\u00f6z\u00fcm ve m\u00fcdahale imkan\u0131 sunar&#8230;<\/li>\n<\/ul>\n<\/div>\n\t\t<\/div><\/div><\/div><\/div>","protected":false},"excerpt":{"rendered":"<p>Hizmet alaca\u011f\u0131n\u0131z ila\u00e7lama firmas\u0131n\u0131 ara\u015ft\u0131r\u0131p ondan sonra ila\u00e7lama yapt\u0131r\u0131n\u0131z.Merdiven alt\u0131 ,ruhsats\u0131z \u00e7al\u0131\u015fan ila\u00e7lama servisi olmad\u0131\u011f\u0131n\u0131 teyit ediniz. \u0130la\u00e7lama servisini arayarak ila\u00e7lama y\u00f6ntemleri hakk\u0131nda bilgi al\u0131n\u0131z.Personelimizi g\u00fcn\u00fcn her saati arayabilirsiniz. \u0130la\u00e7lama firmas\u0131n\u0131n Sa\u011fl\u0131k Bakanl\u0131\u011f\u0131n\u0131n onaylad\u0131\u011f\u0131 ve ruhsat verdi\u011fi kimyasallar\u0131 kulland\u0131\u011f\u0131ndan emin olunuz. B\u00f6cek ,Ha\u015fere ve Fare \u0130la\u00e7lama \u015firketi olarak amac\u0131m\u0131z , bilindi\u011fi \u00fczere ya\u015fam yerlerimiz olan &hellip;<\/p>\n","protected":false},"author":2,"featured_media":0,"parent":0,"menu_order":0,"comment_status":"closed","ping_status":"closed","template":"template-builder-page.php","meta":{"footnotes":""},"class_list":["post-2947","page","type-page","status-publish","hentry"],"yoast_head":"<!-- This site is optimized with the Yoast SEO plugin v27.0 - https:\/\/yoast.com\/product\/yoast-seo-wordpress\/ -->\n<title>Ha\u015fere Ansiklopedisi |7\/24 \u0130leti\u015fim:0 535 5997084|<\/title>\n<meta name=\"robots\" content=\"index, follow, max-snippet:-1, max-image-preview:large, max-video-preview:-1\" \/>\n<link rel=\"canonical\" href=\"https:\/\/www.anadoluilaclama.com.tr\/index.php\/hasere-ansiklopedisi\/\" \/>\n<meta property=\"og:locale\" content=\"tr_TR\" \/>\n<meta property=\"og:type\" content=\"article\" \/>\n<meta property=\"og:title\" content=\"Ha\u015fere Ansiklopedisi |7\/24 \u0130leti\u015fim:0 535 5997084|\" \/>\n<meta property=\"og:description\" content=\"Hizmet alaca\u011f\u0131n\u0131z ila\u00e7lama firmas\u0131n\u0131 ara\u015ft\u0131r\u0131p ondan sonra ila\u00e7lama yapt\u0131r\u0131n\u0131z.Merdiven alt\u0131 ,ruhsats\u0131z \u00e7al\u0131\u015fan ila\u00e7lama servisi olmad\u0131\u011f\u0131n\u0131 teyit ediniz. \u0130la\u00e7lama servisini arayarak ila\u00e7lama y\u00f6ntemleri hakk\u0131nda bilgi al\u0131n\u0131z.Personelimizi g\u00fcn\u00fcn her saati arayabilirsiniz. \u0130la\u00e7lama firmas\u0131n\u0131n Sa\u011fl\u0131k Bakanl\u0131\u011f\u0131n\u0131n onaylad\u0131\u011f\u0131 ve ruhsat verdi\u011fi kimyasallar\u0131 kulland\u0131\u011f\u0131ndan emin olunuz. B\u00f6cek ,Ha\u015fere ve Fare \u0130la\u00e7lama \u015firketi olarak amac\u0131m\u0131z , bilindi\u011fi \u00fczere ya\u015fam yerlerimiz olan &hellip;\" \/>\n<meta property=\"og:url\" content=\"https:\/\/www.anadoluilaclama.com.tr\/index.php\/hasere-ansiklopedisi\/\" \/>\n<meta property=\"og:site_name\" content=\"|7\/24 \u0130leti\u015fim:0 535 5997084|\" \/>\n<meta property=\"article:publisher\" content=\"https:\/\/www.facebook.com\/Anadolu-Hasere-ve-Fare-ilaclama-1277920352342921\/?modal=admin_todo_tour\" \/>\n<meta property=\"article:modified_time\" content=\"2022-06-15T12:25:45+00:00\" \/>\n<meta name=\"twitter:card\" content=\"summary_large_image\" \/>\n<meta name=\"twitter:label1\" content=\"Tahmini okuma s\u00fcresi\" \/>\n\t<meta name=\"twitter:data1\" content=\"2 dakika\" \/>\n<script type=\"application\/ld+json\" class=\"yoast-schema-graph\">{\"@context\":\"https:\/\/schema.org\",\"@graph\":[{\"@type\":\"WebPage\",\"@id\":\"https:\/\/www.anadoluilaclama.com.tr\/index.php\/hasere-ansiklopedisi\/\",\"url\":\"https:\/\/www.anadoluilaclama.com.tr\/index.php\/hasere-ansiklopedisi\/\",\"name\":\"Ha\u015fere Ansiklopedisi |7\/24 \u0130leti\u015fim:0 535 5997084|\",\"isPartOf\":{\"@id\":\"https:\/\/www.anadoluilaclama.com.tr\/#website\"},\"datePublished\":\"2018-03-06T09:50:40+00:00\",\"dateModified\":\"2022-06-15T12:25:45+00:00\",\"breadcrumb\":{\"@id\":\"https:\/\/www.anadoluilaclama.com.tr\/index.php\/hasere-ansiklopedisi\/#breadcrumb\"},\"inLanguage\":\"tr\",\"potentialAction\":[{\"@type\":\"ReadAction\",\"target\":[\"https:\/\/www.anadoluilaclama.com.tr\/index.php\/hasere-ansiklopedisi\/\"]}]},{\"@type\":\"BreadcrumbList\",\"@id\":\"https:\/\/www.anadoluilaclama.com.tr\/index.php\/hasere-ansiklopedisi\/#breadcrumb\",\"itemListElement\":[{\"@type\":\"ListItem\",\"position\":1,\"name\":\"Ana sayfa\",\"item\":\"https:\/\/www.anadoluilaclama.com.tr\/\"},{\"@type\":\"ListItem\",\"position\":2,\"name\":\"Ha\u015fere Ansiklopedisi\"}]},{\"@type\":\"WebSite\",\"@id\":\"https:\/\/www.anadoluilaclama.com.tr\/#website\",\"url\":\"https:\/\/www.anadoluilaclama.com.tr\/\",\"name\":\"|7\/24 \u0130leti\u015fim:0 535 5997084|\",\"description\":\"B&Ouml;CEK HA\u015eERE FARE \u0130LA&Ccedil;LAMA \u015e\u0130RKET\u0130\",\"potentialAction\":[{\"@type\":\"SearchAction\",\"target\":{\"@type\":\"EntryPoint\",\"urlTemplate\":\"https:\/\/www.anadoluilaclama.com.tr\/?s={search_term_string}\"},\"query-input\":{\"@type\":\"PropertyValueSpecification\",\"valueRequired\":true,\"valueName\":\"search_term_string\"}}],\"inLanguage\":\"tr\"}]}<\/script>\n<!-- \/ Yoast SEO plugin. -->","yoast_head_json":{"title":"Ha\u015fere Ansiklopedisi |7\/24 \u0130leti\u015fim:0 535 5997084|","robots":{"index":"index","follow":"follow","max-snippet":"max-snippet:-1","max-image-preview":"max-image-preview:large","max-video-preview":"max-video-preview:-1"},"canonical":"https:\/\/www.anadoluilaclama.com.tr\/index.php\/hasere-ansiklopedisi\/","og_locale":"tr_TR","og_type":"article","og_title":"Ha\u015fere Ansiklopedisi |7\/24 \u0130leti\u015fim:0 535 5997084|","og_description":"Hizmet alaca\u011f\u0131n\u0131z ila\u00e7lama firmas\u0131n\u0131 ara\u015ft\u0131r\u0131p ondan sonra ila\u00e7lama yapt\u0131r\u0131n\u0131z.Merdiven alt\u0131 ,ruhsats\u0131z \u00e7al\u0131\u015fan ila\u00e7lama servisi olmad\u0131\u011f\u0131n\u0131 teyit ediniz. \u0130la\u00e7lama servisini arayarak ila\u00e7lama y\u00f6ntemleri hakk\u0131nda bilgi al\u0131n\u0131z.Personelimizi g\u00fcn\u00fcn her saati arayabilirsiniz. \u0130la\u00e7lama firmas\u0131n\u0131n Sa\u011fl\u0131k Bakanl\u0131\u011f\u0131n\u0131n onaylad\u0131\u011f\u0131 ve ruhsat verdi\u011fi kimyasallar\u0131 kulland\u0131\u011f\u0131ndan emin olunuz. B\u00f6cek ,Ha\u015fere ve Fare \u0130la\u00e7lama \u015firketi olarak amac\u0131m\u0131z , bilindi\u011fi \u00fczere ya\u015fam yerlerimiz olan &hellip;","og_url":"https:\/\/www.anadoluilaclama.com.tr\/index.php\/hasere-ansiklopedisi\/","og_site_name":"|7\/24 \u0130leti\u015fim:0 535 5997084|","article_publisher":"https:\/\/www.facebook.com\/Anadolu-Hasere-ve-Fare-ilaclama-1277920352342921\/?modal=admin_todo_tour","article_modified_time":"2022-06-15T12:25:45+00:00","twitter_card":"summary_large_image","twitter_misc":{"Tahmini okuma s\u00fcresi":"2 dakika"},"schema":{"@context":"https:\/\/schema.org","@graph":[{"@type":"WebPage","@id":"https:\/\/www.anadoluilaclama.com.tr\/index.php\/hasere-ansiklopedisi\/","url":"https:\/\/www.anadoluilaclama.com.tr\/index.php\/hasere-ansiklopedisi\/","name":"Ha\u015fere Ansiklopedisi |7\/24 \u0130leti\u015fim:0 535 5997084|","isPartOf":{"@id":"https:\/\/www.anadoluilaclama.com.tr\/#website"},"datePublished":"2018-03-06T09:50:40+00:00","dateModified":"2022-06-15T12:25:45+00:00","breadcrumb":{"@id":"https:\/\/www.anadoluilaclama.com.tr\/index.php\/hasere-ansiklopedisi\/#breadcrumb"},"inLanguage":"tr","potentialAction":[{"@type":"ReadAction","target":["https:\/\/www.anadoluilaclama.com.tr\/index.php\/hasere-ansiklopedisi\/"]}]},{"@type":"BreadcrumbList","@id":"https:\/\/www.anadoluilaclama.com.tr\/index.php\/hasere-ansiklopedisi\/#breadcrumb","itemListElement":[{"@type":"ListItem","position":1,"name":"Ana sayfa","item":"https:\/\/www.anadoluilaclama.com.tr\/"},{"@type":"ListItem","position":2,"name":"Ha\u015fere Ansiklopedisi"}]},{"@type":"WebSite","@id":"https:\/\/www.anadoluilaclama.com.tr\/#website","url":"https:\/\/www.anadoluilaclama.com.tr\/","name":"|7\/24 \u0130leti\u015fim:0 535 5997084|","description":"B&Ouml;CEK HA\u015eERE FARE \u0130LA&Ccedil;LAMA \u015e\u0130RKET\u0130","potentialAction":[{"@type":"SearchAction","target":{"@type":"EntryPoint","urlTemplate":"https:\/\/www.anadoluilaclama.com.tr\/?s={search_term_string}"},"query-input":{"@type":"PropertyValueSpecification","valueRequired":true,"valueName":"search_term_string"}}],"inLanguage":"tr"}]}},"_links":{"self":[{"href":"https:\/\/www.anadoluilaclama.com.tr\/index.php\/wp-json\/wp\/v2\/pages\/2947","targetHints":{"allow":["GET"]}}],"collection":[{"href":"https:\/\/www.anadoluilaclama.com.tr\/index.php\/wp-json\/wp\/v2\/pages"}],"about":[{"href":"https:\/\/www.anadoluilaclama.com.tr\/index.php\/wp-json\/wp\/v2\/types\/page"}],"author":[{"embeddable":true,"href":"https:\/\/www.anadoluilaclama.com.tr\/index.php\/wp-json\/wp\/v2\/users\/2"}],"replies":[{"embeddable":true,"href":"https:\/\/www.anadoluilaclama.com.tr\/index.php\/wp-json\/wp\/v2\/comments?post=2947"}],"version-history":[{"count":41,"href":"https:\/\/www.anadoluilaclama.com.tr\/index.php\/wp-json\/wp\/v2\/pages\/2947\/revisions"}],"predecessor-version":[{"id":33387,"href":"https:\/\/www.anadoluilaclama.com.tr\/index.php\/wp-json\/wp\/v2\/pages\/2947\/revisions\/33387"}],"wp:attachment":[{"href":"https:\/\/www.anadoluilaclama.com.tr\/index.php\/wp-json\/wp\/v2\/media?parent=2947"}],"curies":[{"name":"wp","href":"https:\/\/api.w.org\/{rel}","templated":true}]}}