{"id":444,"date":"2014-11-19T17:12:03","date_gmt":"2014-11-19T17:12:03","guid":{"rendered":"https:\/\/xml-io.proteusthemes.com\/buildpress\/?page_id=444"},"modified":"2022-06-15T15:23:05","modified_gmt":"2022-06-15T12:23:05","slug":"iletisim","status":"publish","type":"page","link":"https:\/\/www.anadoluilaclama.com.tr\/index.php\/iletisim\/","title":{"rendered":"\u0130leti\u015fim"},"content":{"rendered":"<div id=\"pl-444\"  class=\"panel-layout\" ><div id=\"pg-444-0\"  class=\"panel-grid panel-no-style\" ><div id=\"pgc-444-0-0\"  class=\"panel-grid-cell panel-grid-cell-empty\" ><\/div><\/div><div id=\"pg-444-1\"  class=\"panel-grid panel-no-style\" ><div id=\"pgc-444-1-0\"  class=\"panel-grid-cell\" ><div id=\"panel-444-1-0-0\" class=\"so-panel widget widget_black-studio-tinymce widget_black_studio_tinymce panel-first-child panel-last-child\" data-index=\"0\" ><div class=\"textwidget\"><p><iframe loading=\"lazy\" src=\"https:\/\/www.google.com\/maps\/embed?pb=!1m18!1m12!1m3!1d3095.3043846087917!2d27.178557915643403!3d39.12230444126007!2m3!1f0!2f0!3f0!3m2!1i1024!2i768!4f13.1!3m3!1m2!1s0x14b9f886c2d47457%3A0xa69be71b4602501f!2sBarbaros+Mahallesi%2C+Mermer+Direkler+Cd.+No%3A27%2C+35700+Bergama%2F%C4%B0zmir!5e0!3m2!1str!2str!4v1520956254032\" width=\"400\" height=\"300\" frameborder=\"0\" style=\"border:0\" allowfullscreen><\/iframe><\/p>\n<\/div><\/div><\/div><div id=\"pgc-444-1-1\"  class=\"panel-grid-cell\" ><div id=\"panel-444-1-1-0\" class=\"so-panel widget widget_black-studio-tinymce widget_black_studio_tinymce panel-first-child panel-last-child\" data-index=\"1\" ><div class=\"textwidget\"><p><iframe loading=\"lazy\" src=\"https:\/\/www.google.com\/maps\/embed?pb=!1m18!1m12!1m3!1d12508.823781092762!2d27.15579324072654!3d38.3904869929368!2m3!1f0!2f0!3f0!3m2!1i1024!2i768!4f13.1!3m3!1m2!1s0x0%3A0x0!2zMzjCsDIzJzI1LjciTiAyN8KwMDknNTIuNCJF!5e0!3m2!1str!2str!4v1521036001017\" width=\"400\" height=\"300\" frameborder=\"0\" style=\"border:0\" allowfullscreen><\/iframe><\/p>\n<\/div><\/div><\/div><div id=\"pgc-444-1-2\"  class=\"panel-grid-cell\" ><div id=\"panel-444-1-2-0\" class=\"so-panel widget widget_black-studio-tinymce widget_black_studio_tinymce panel-first-child panel-last-child\" data-index=\"2\" ><div class=\"textwidget\"><p><iframe loading=\"lazy\" src=\"https:\/\/www.google.com\/maps\/embed?pb=!1m18!1m12!1m3!1d3074.2773742258255!2d27.004886515653407!3d39.598433712920745!2m3!1f0!2f0!3f0!3m2!1i1024!2i768!4f13.1!3m3!1m2!1s0x14b0c817ad21e1c3%3A0xc1b4beb753300344!2sGazicelal+Mahallesi%2C+Ak%C3%A7ay+Cd.+No%3A101%2C+10300+Edremit%2FBal%C4%B1kesir!5e0!3m2!1str!2str!4v1520956195971\" width=\"400\" height=\"300\" frameborder=\"0\" style=\"border:0\" allowfullscreen><\/iframe><\/p>\n<\/div><\/div><\/div><\/div><div id=\"pg-444-2\"  class=\"panel-grid panel-no-style\" ><div id=\"pgc-444-2-0\"  class=\"panel-grid-cell\" ><div id=\"panel-444-2-0-0\" class=\"so-panel widget widget_text panel-first-child panel-last-child\" data-index=\"3\" >\t\t\t<div class=\"textwidget\"><span class=\"icon-container\"><span class=\"fa fa-home\"><\/span><\/span> <b>Genel Merkez<\/b><br>\nErtu\u011frul Mahallesi 2. Ba\u011flar sokak no:10\\B\n<br>\nBergama \/\u0130ZM\u0130R<\/div>\n\t\t<\/div><\/div><div id=\"pgc-444-2-1\"  class=\"panel-grid-cell\" ><div id=\"panel-444-2-1-0\" class=\"so-panel widget widget_text panel-first-child panel-last-child\" data-index=\"4\" >\t\t\t<div class=\"textwidget\"><span class=\"icon-container\"><span class=\"fa fa-phone\"><\/span><\/span> <b>0 535 5997084<\/b><br>\n<span class=\"icon-container\"><span class=\"fa fa-envelope\"><\/span><\/span> <a href=\"mailto:gokayar@hotmail.com\">info@anadoluilaclama.com.tr<\/a><\/div>\n\t\t<\/div><\/div><div id=\"pgc-444-2-2\"  class=\"panel-grid-cell panel-grid-cell-empty\" ><\/div><div id=\"pgc-444-2-3\"  class=\"panel-grid-cell\" ><div id=\"panel-444-2-3-0\" class=\"so-panel widget widget_text panel-first-child panel-last-child\" data-index=\"5\" >\t\t\t<div class=\"textwidget\"><span class=\"icon-container\"><span class=\"fa fa-home\"><\/span><\/span> <b>\u015eube<\/b><br>\n\u200e317. Sokak 44\/C\nBuca<br>\n\u0130zmir<\/div>\n\t\t<\/div><\/div><div id=\"pgc-444-2-4\"  class=\"panel-grid-cell\" ><div id=\"panel-444-2-4-0\" class=\"so-panel widget widget_text panel-first-child panel-last-child\" data-index=\"6\" >\t\t\t<div class=\"textwidget\"><b>0 535 5997084<\/b><br>\n<a href=\"mailto:info@anadoluilaclama.com.tr\">info@anadoluilaclama.com.tr<\/a><\/div>\n\t\t<\/div><\/div><div id=\"pgc-444-2-5\"  class=\"panel-grid-cell panel-grid-cell-empty\" ><\/div><div id=\"pgc-444-2-6\"  class=\"panel-grid-cell\" ><div id=\"panel-444-2-6-0\" class=\"so-panel widget widget_text panel-first-child panel-last-child\" data-index=\"7\" >\t\t\t<div class=\"textwidget\"><span class=\"icon-container\"><span class=\"fa fa-home\"><\/span><\/span> <b>\u015eube<\/b><br>\nAkcay Sokak 7\/A\nEdremit<br>\nBal\u0131kesir<\/div>\n\t\t<\/div><\/div><div id=\"pgc-444-2-7\"  class=\"panel-grid-cell\" ><div id=\"panel-444-2-7-0\" class=\"so-panel widget widget_text panel-first-child panel-last-child\" data-index=\"8\" >\t\t\t<div class=\"textwidget\"><span class=\"icon-container\"><span class=\"fa fa-phone\"><\/span><\/span> <b>0 535 5997084<\/b><br>\n<span class=\"icon-container\"><span class=\"fa fa-envelope\"><\/span><\/span> <a href=\"mailto:info@anadoluilaclama.com.tr\">info@anadoluilaclama.com.tr<\/a><\/div>\n\t\t<\/div><\/div><\/div><div id=\"pg-444-3\"  class=\"panel-grid panel-no-style\" ><div id=\"pgc-444-3-0\"  class=\"panel-grid-cell\" ><div id=\"panel-444-3-0-0\" class=\"so-panel widget widget_text panel-first-child\" data-index=\"9\" ><h3 class=\"widget-title\">\u0130leti\u015fim Formu<\/h3>\t\t\t<div class=\"textwidget\"><\/div>\n\t\t<\/div><div id=\"panel-444-3-0-1\" class=\"so-panel widget widget_black-studio-tinymce widget_black_studio_tinymce panel-last-child\" data-index=\"10\" ><div class=\"textwidget\"><p>\n<div class=\"wpcf7 no-js\" id=\"wpcf7-f2266-o1\" lang=\"en-US\" dir=\"ltr\" data-wpcf7-id=\"2266\">\n<div class=\"screen-reader-response\"><p role=\"status\" aria-live=\"polite\" aria-atomic=\"true\"><\/p> <ul><\/ul><\/div>\n<form action=\"\/index.php\/wp-json\/wp\/v2\/pages\/444#wpcf7-f2266-o1\" method=\"post\" class=\"wpcf7-form init\" aria-label=\"Contact form\" novalidate=\"novalidate\" data-status=\"init\">\n<div style=\"display: none;\">\n<input type=\"hidden\" name=\"_wpcf7\" value=\"2266\" \/>\n<input type=\"hidden\" name=\"_wpcf7_version\" value=\"6.0.4\" \/>\n<input type=\"hidden\" name=\"_wpcf7_locale\" value=\"en_US\" \/>\n<input type=\"hidden\" name=\"_wpcf7_unit_tag\" value=\"wpcf7-f2266-o1\" \/>\n<input type=\"hidden\" name=\"_wpcf7_container_post\" value=\"0\" \/>\n<input type=\"hidden\" name=\"_wpcf7_posted_data_hash\" value=\"\" \/>\n<\/div>\n<div class=\"row\">\n\t<div class=\"col-xs-12  col-sm-4\">\n\t\t<p><span class=\"wpcf7-form-control-wrap\" data-name=\"your-name\"><input size=\"40\" maxlength=\"400\" class=\"wpcf7-form-control wpcf7-text wpcf7-validates-as-required\" aria-required=\"true\" aria-invalid=\"false\" placeholder=\"\u0130sim Soyisim\" value=\"\" type=\"text\" name=\"your-name\" \/><\/span><br \/>\n<span class=\"wpcf7-form-control-wrap\" data-name=\"your-email\"><input size=\"40\" maxlength=\"400\" class=\"wpcf7-form-control wpcf7-email wpcf7-validates-as-required wpcf7-text wpcf7-validates-as-email\" aria-required=\"true\" aria-invalid=\"false\" placeholder=\"E-mailiniz\" value=\"\" type=\"email\" name=\"your-email\" \/><\/span><br \/>\n<span class=\"wpcf7-form-control-wrap\" data-name=\"your-tel\"><input size=\"40\" maxlength=\"400\" class=\"wpcf7-form-control wpcf7-tel wpcf7-validates-as-required wpcf7-text wpcf7-validates-as-tel\" aria-required=\"true\" aria-invalid=\"false\" placeholder=\"Telefon Numaran\u0131z\" value=\"\" type=\"tel\" name=\"your-tel\" \/><\/span><br \/>\n<span class=\"wpcf7-form-control-wrap\" data-name=\"your-subject\"><input size=\"40\" maxlength=\"400\" class=\"wpcf7-form-control wpcf7-text\" aria-invalid=\"false\" placeholder=\"Konu\" value=\"\" type=\"text\" name=\"your-subject\" \/><\/span>\n\t\t<\/p>\n\t<\/div>\n\t<div class=\"col-xs-12  col-sm-8\">\n\t\t<p><span class=\"wpcf7-form-control-wrap\" data-name=\"your-message\"><textarea cols=\"40\" rows=\"10\" maxlength=\"2000\" class=\"wpcf7-form-control wpcf7-textarea\" aria-invalid=\"false\" placeholder=\"Mesaj\u0131n\u0131z\" name=\"your-message\"><\/textarea><\/span><br \/>\n<input class=\"wpcf7-form-control wpcf7-submit has-spinner btn btn-primary\" type=\"submit\" value=\"G\u00f6nder\" \/>\n\t\t<\/p>\n\t<\/div>\n<\/div><div class=\"wpcf7-response-output\" aria-hidden=\"true\"><\/div>\n<\/form>\n<\/div>\n<\/p>\n<\/div><\/div><\/div><\/div><\/div>","protected":false},"excerpt":{"rendered":"<p>Genel Merkez Ertu\u011frul Mahallesi 2. Ba\u011flar sokak no:10\\B Bergama \/\u0130ZM\u0130R 0 535 5997084 info@anadoluilaclama.com.tr \u015eube \u200e317. Sokak 44\/C Buca \u0130zmir 0 535 5997084 info@anadoluilaclama.com.tr \u015eube Akcay Sokak 7\/A Edremit Bal\u0131kesir 0 535 5997084 info@anadoluilaclama.com.tr \u0130leti\u015fim Formu<\/p>\n","protected":false},"author":2,"featured_media":0,"parent":0,"menu_order":0,"comment_status":"closed","ping_status":"closed","template":"template-builder-page.php","meta":{"footnotes":""},"class_list":["post-444","page","type-page","status-publish","hentry"],"yoast_head":"<!-- This site is optimized with the Yoast SEO plugin v27.0 - https:\/\/yoast.com\/product\/yoast-seo-wordpress\/ -->\n<title>\u0130leti\u015fim |7\/24 \u0130leti\u015fim:0 535 5997084|<\/title>\n<meta name=\"robots\" content=\"index, follow, max-snippet:-1, max-image-preview:large, max-video-preview:-1\" \/>\n<link rel=\"canonical\" href=\"https:\/\/www.anadoluilaclama.com.tr\/index.php\/iletisim\/\" \/>\n<meta property=\"og:locale\" content=\"tr_TR\" \/>\n<meta property=\"og:type\" content=\"article\" \/>\n<meta property=\"og:title\" content=\"\u0130leti\u015fim |7\/24 \u0130leti\u015fim:0 535 5997084|\" \/>\n<meta property=\"og:description\" content=\"Genel Merkez Ertu\u011frul Mahallesi 2. Ba\u011flar sokak no:10B Bergama \/\u0130ZM\u0130R 0 535 5997084 info@anadoluilaclama.com.tr \u015eube \u200e317. Sokak 44\/C Buca \u0130zmir 0 535 5997084 info@anadoluilaclama.com.tr \u015eube Akcay Sokak 7\/A Edremit Bal\u0131kesir 0 535 5997084 info@anadoluilaclama.com.tr \u0130leti\u015fim Formu\" \/>\n<meta property=\"og:url\" content=\"https:\/\/www.anadoluilaclama.com.tr\/index.php\/iletisim\/\" \/>\n<meta property=\"og:site_name\" content=\"|7\/24 \u0130leti\u015fim:0 535 5997084|\" \/>\n<meta property=\"article:publisher\" content=\"https:\/\/www.facebook.com\/Anadolu-Hasere-ve-Fare-ilaclama-1277920352342921\/?modal=admin_todo_tour\" \/>\n<meta property=\"article:modified_time\" content=\"2022-06-15T12:23:05+00:00\" \/>\n<meta name=\"twitter:card\" content=\"summary_large_image\" \/>\n<meta name=\"twitter:label1\" content=\"Tahmini okuma s\u00fcresi\" \/>\n\t<meta name=\"twitter:data1\" content=\"1 dakika\" \/>\n<script type=\"application\/ld+json\" class=\"yoast-schema-graph\">{\"@context\":\"https:\/\/schema.org\",\"@graph\":[{\"@type\":\"WebPage\",\"@id\":\"https:\/\/www.anadoluilaclama.com.tr\/index.php\/iletisim\/\",\"url\":\"https:\/\/www.anadoluilaclama.com.tr\/index.php\/iletisim\/\",\"name\":\"\u0130leti\u015fim |7\/24 \u0130leti\u015fim:0 535 5997084|\",\"isPartOf\":{\"@id\":\"https:\/\/www.anadoluilaclama.com.tr\/#website\"},\"datePublished\":\"2014-11-19T17:12:03+00:00\",\"dateModified\":\"2022-06-15T12:23:05+00:00\",\"breadcrumb\":{\"@id\":\"https:\/\/www.anadoluilaclama.com.tr\/index.php\/iletisim\/#breadcrumb\"},\"inLanguage\":\"tr\",\"potentialAction\":[{\"@type\":\"ReadAction\",\"target\":[\"https:\/\/www.anadoluilaclama.com.tr\/index.php\/iletisim\/\"]}]},{\"@type\":\"BreadcrumbList\",\"@id\":\"https:\/\/www.anadoluilaclama.com.tr\/index.php\/iletisim\/#breadcrumb\",\"itemListElement\":[{\"@type\":\"ListItem\",\"position\":1,\"name\":\"Ana sayfa\",\"item\":\"https:\/\/www.anadoluilaclama.com.tr\/\"},{\"@type\":\"ListItem\",\"position\":2,\"name\":\"\u0130leti\u015fim\"}]},{\"@type\":\"WebSite\",\"@id\":\"https:\/\/www.anadoluilaclama.com.tr\/#website\",\"url\":\"https:\/\/www.anadoluilaclama.com.tr\/\",\"name\":\"|7\/24 \u0130leti\u015fim:0 535 5997084|\",\"description\":\"B&Ouml;CEK HA\u015eERE FARE \u0130LA&Ccedil;LAMA \u015e\u0130RKET\u0130\",\"potentialAction\":[{\"@type\":\"SearchAction\",\"target\":{\"@type\":\"EntryPoint\",\"urlTemplate\":\"https:\/\/www.anadoluilaclama.com.tr\/?s={search_term_string}\"},\"query-input\":{\"@type\":\"PropertyValueSpecification\",\"valueRequired\":true,\"valueName\":\"search_term_string\"}}],\"inLanguage\":\"tr\"}]}<\/script>\n<!-- \/ Yoast SEO plugin. -->","yoast_head_json":{"title":"\u0130leti\u015fim |7\/24 \u0130leti\u015fim:0 535 5997084|","robots":{"index":"index","follow":"follow","max-snippet":"max-snippet:-1","max-image-preview":"max-image-preview:large","max-video-preview":"max-video-preview:-1"},"canonical":"https:\/\/www.anadoluilaclama.com.tr\/index.php\/iletisim\/","og_locale":"tr_TR","og_type":"article","og_title":"\u0130leti\u015fim |7\/24 \u0130leti\u015fim:0 535 5997084|","og_description":"Genel Merkez Ertu\u011frul Mahallesi 2. Ba\u011flar sokak no:10B Bergama \/\u0130ZM\u0130R 0 535 5997084 info@anadoluilaclama.com.tr \u015eube \u200e317. Sokak 44\/C Buca \u0130zmir 0 535 5997084 info@anadoluilaclama.com.tr \u015eube Akcay Sokak 7\/A Edremit Bal\u0131kesir 0 535 5997084 info@anadoluilaclama.com.tr \u0130leti\u015fim Formu","og_url":"https:\/\/www.anadoluilaclama.com.tr\/index.php\/iletisim\/","og_site_name":"|7\/24 \u0130leti\u015fim:0 535 5997084|","article_publisher":"https:\/\/www.facebook.com\/Anadolu-Hasere-ve-Fare-ilaclama-1277920352342921\/?modal=admin_todo_tour","article_modified_time":"2022-06-15T12:23:05+00:00","twitter_card":"summary_large_image","twitter_misc":{"Tahmini okuma s\u00fcresi":"1 dakika"},"schema":{"@context":"https:\/\/schema.org","@graph":[{"@type":"WebPage","@id":"https:\/\/www.anadoluilaclama.com.tr\/index.php\/iletisim\/","url":"https:\/\/www.anadoluilaclama.com.tr\/index.php\/iletisim\/","name":"\u0130leti\u015fim |7\/24 \u0130leti\u015fim:0 535 5997084|","isPartOf":{"@id":"https:\/\/www.anadoluilaclama.com.tr\/#website"},"datePublished":"2014-11-19T17:12:03+00:00","dateModified":"2022-06-15T12:23:05+00:00","breadcrumb":{"@id":"https:\/\/www.anadoluilaclama.com.tr\/index.php\/iletisim\/#breadcrumb"},"inLanguage":"tr","potentialAction":[{"@type":"ReadAction","target":["https:\/\/www.anadoluilaclama.com.tr\/index.php\/iletisim\/"]}]},{"@type":"BreadcrumbList","@id":"https:\/\/www.anadoluilaclama.com.tr\/index.php\/iletisim\/#breadcrumb","itemListElement":[{"@type":"ListItem","position":1,"name":"Ana sayfa","item":"https:\/\/www.anadoluilaclama.com.tr\/"},{"@type":"ListItem","position":2,"name":"\u0130leti\u015fim"}]},{"@type":"WebSite","@id":"https:\/\/www.anadoluilaclama.com.tr\/#website","url":"https:\/\/www.anadoluilaclama.com.tr\/","name":"|7\/24 \u0130leti\u015fim:0 535 5997084|","description":"B&Ouml;CEK HA\u015eERE FARE \u0130LA&Ccedil;LAMA \u015e\u0130RKET\u0130","potentialAction":[{"@type":"SearchAction","target":{"@type":"EntryPoint","urlTemplate":"https:\/\/www.anadoluilaclama.com.tr\/?s={search_term_string}"},"query-input":{"@type":"PropertyValueSpecification","valueRequired":true,"valueName":"search_term_string"}}],"inLanguage":"tr"}]}},"_links":{"self":[{"href":"https:\/\/www.anadoluilaclama.com.tr\/index.php\/wp-json\/wp\/v2\/pages\/444","targetHints":{"allow":["GET"]}}],"collection":[{"href":"https:\/\/www.anadoluilaclama.com.tr\/index.php\/wp-json\/wp\/v2\/pages"}],"about":[{"href":"https:\/\/www.anadoluilaclama.com.tr\/index.php\/wp-json\/wp\/v2\/types\/page"}],"author":[{"embeddable":true,"href":"https:\/\/www.anadoluilaclama.com.tr\/index.php\/wp-json\/wp\/v2\/users\/2"}],"replies":[{"embeddable":true,"href":"https:\/\/www.anadoluilaclama.com.tr\/index.php\/wp-json\/wp\/v2\/comments?post=444"}],"version-history":[{"count":82,"href":"https:\/\/www.anadoluilaclama.com.tr\/index.php\/wp-json\/wp\/v2\/pages\/444\/revisions"}],"predecessor-version":[{"id":33384,"href":"https:\/\/www.anadoluilaclama.com.tr\/index.php\/wp-json\/wp\/v2\/pages\/444\/revisions\/33384"}],"wp:attachment":[{"href":"https:\/\/www.anadoluilaclama.com.tr\/index.php\/wp-json\/wp\/v2\/media?parent=444"}],"curies":[{"name":"wp","href":"https:\/\/api.w.org\/{rel}","templated":true}]}}